{"id":655,"date":"2025-03-20T18:24:23","date_gmt":"2025-03-20T18:24:23","guid":{"rendered":"https:\/\/condeadvocaciaeconsultoria.com.br\/site\/?page_id=655"},"modified":"2025-05-02T12:12:28","modified_gmt":"2025-05-02T12:12:28","slug":"termos-de-uso-e-politica-de-privacidade","status":"publish","type":"page","link":"https:\/\/condeadvocaciaeconsultoria.com.br\/site\/termos-de-uso-e-politica-de-privacidade\/","title":{"rendered":"Termos de Uso e Pol\u00edtica de Privacidade"},"content":{"rendered":"\t\t<div data-elementor-type=\"wp-page\" data-elementor-id=\"655\" class=\"elementor elementor-655\" data-elementor-settings=\"{&quot;element_pack_global_tooltip_width&quot;:{&quot;unit&quot;:&quot;px&quot;,&quot;size&quot;:&quot;&quot;,&quot;sizes&quot;:[]},&quot;element_pack_global_tooltip_width_laptop&quot;:{&quot;unit&quot;:&quot;px&quot;,&quot;size&quot;:&quot;&quot;,&quot;sizes&quot;:[]},&quot;element_pack_global_tooltip_width_tablet&quot;:{&quot;unit&quot;:&quot;px&quot;,&quot;size&quot;:&quot;&quot;,&quot;sizes&quot;:[]},&quot;element_pack_global_tooltip_width_mobile&quot;:{&quot;unit&quot;:&quot;px&quot;,&quot;size&quot;:&quot;&quot;,&quot;sizes&quot;:[]},&quot;element_pack_global_tooltip_padding&quot;:{&quot;unit&quot;:&quot;px&quot;,&quot;top&quot;:&quot;&quot;,&quot;right&quot;:&quot;&quot;,&quot;bottom&quot;:&quot;&quot;,&quot;left&quot;:&quot;&quot;,&quot;isLinked&quot;:true},&quot;element_pack_global_tooltip_padding_laptop&quot;:{&quot;unit&quot;:&quot;px&quot;,&quot;top&quot;:&quot;&quot;,&quot;right&quot;:&quot;&quot;,&quot;bottom&quot;:&quot;&quot;,&quot;left&quot;:&quot;&quot;,&quot;isLinked&quot;:true},&quot;element_pack_global_tooltip_padding_tablet&quot;:{&quot;unit&quot;:&quot;px&quot;,&quot;top&quot;:&quot;&quot;,&quot;right&quot;:&quot;&quot;,&quot;bottom&quot;:&quot;&quot;,&quot;left&quot;:&quot;&quot;,&quot;isLinked&quot;:true},&quot;element_pack_global_tooltip_padding_mobile&quot;:{&quot;unit&quot;:&quot;px&quot;,&quot;top&quot;:&quot;&quot;,&quot;right&quot;:&quot;&quot;,&quot;bottom&quot;:&quot;&quot;,&quot;left&quot;:&quot;&quot;,&quot;isLinked&quot;:true},&quot;element_pack_global_tooltip_border_radius&quot;:{&quot;unit&quot;:&quot;px&quot;,&quot;top&quot;:&quot;&quot;,&quot;right&quot;:&quot;&quot;,&quot;bottom&quot;:&quot;&quot;,&quot;left&quot;:&quot;&quot;,&quot;isLinked&quot;:true},&quot;element_pack_global_tooltip_border_radius_laptop&quot;:{&quot;unit&quot;:&quot;px&quot;,&quot;top&quot;:&quot;&quot;,&quot;right&quot;:&quot;&quot;,&quot;bottom&quot;:&quot;&quot;,&quot;left&quot;:&quot;&quot;,&quot;isLinked&quot;:true},&quot;element_pack_global_tooltip_border_radius_tablet&quot;:{&quot;unit&quot;:&quot;px&quot;,&quot;top&quot;:&quot;&quot;,&quot;right&quot;:&quot;&quot;,&quot;bottom&quot;:&quot;&quot;,&quot;left&quot;:&quot;&quot;,&quot;isLinked&quot;:true},&quot;element_pack_global_tooltip_border_radius_mobile&quot;:{&quot;unit&quot;:&quot;px&quot;,&quot;top&quot;:&quot;&quot;,&quot;right&quot;:&quot;&quot;,&quot;bottom&quot;:&quot;&quot;,&quot;left&quot;:&quot;&quot;,&quot;isLinked&quot;:true}}\" data-elementor-post-type=\"page\">\n\t\t\t\t<div class=\"elementor-element elementor-element-466cb356 e-flex e-con-boxed e-con e-parent\" data-id=\"466cb356\" data-element_type=\"container\">\n\t\t\t\t\t<div class=\"e-con-inner\">\n\t\t\t\t<div class=\"elementor-element elementor-element-42a999e8 elementor-widget elementor-widget-text-editor\" data-id=\"42a999e8\" data-element_type=\"widget\" data-widget_type=\"text-editor.default\">\n\t\t\t\t<div class=\"elementor-widget-container\">\n\t\t\t\t\t\t\t\t\t&nbsp;\n<div id=\"accel-snackbar\" style=\"left: 50%; transform: translate(-50%, 0px); top: 50px;\"><\/div>\t\t\t\t\t\t\t\t<\/div>\n\t\t\t\t<\/div>\n\t\t\t\t\t<\/div>\n\t\t\t\t<\/div>\n\t\t\t\t<section class=\"elementor-section elementor-top-section elementor-element elementor-element-cce556a elementor-section-content-middle elementor-section-boxed elementor-section-height-default elementor-section-height-default\" data-id=\"cce556a\" data-element_type=\"section\">\n\t\t\t\t\t\t<div class=\"elementor-container elementor-column-gap-default\">\n\t\t\t\t\t<div class=\"elementor-column elementor-col-100 elementor-top-column elementor-element elementor-element-f33b389\" data-id=\"f33b389\" data-element_type=\"column\">\n\t\t\t<div class=\"elementor-widget-wrap elementor-element-populated\">\n\t\t\t\t\t\t<div class=\"elementor-element elementor-element-727e26d elementor-widget-laptop__width-initial elementor-widget-mobile__width-initial elementor-widget elementor-widget-image\" data-id=\"727e26d\" data-element_type=\"widget\" data-widget_type=\"image.default\">\n\t\t\t\t<div class=\"elementor-widget-container\">\n\t\t\t\t\t\t\t\t\t\t\t\t\t\t\t\t<a href=\"https:\/\/condeadvocaciaeconsultoria.com.br\/\" target=\"_blank\">\n\t\t\t\t\t\t\t<img fetchpriority=\"high\" decoding=\"async\" width=\"1024\" height=\"948\" src=\"https:\/\/condeadvocaciaeconsultoria.com.br\/site\/wp-content\/uploads\/2024\/12\/Ativo-1@4x-1024x948.png\" class=\"attachment-large size-large wp-image-249\" alt=\"\" srcset=\"https:\/\/condeadvocaciaeconsultoria.com.br\/site\/wp-content\/uploads\/2024\/12\/Ativo-1@4x-1024x948.png 1024w, https:\/\/condeadvocaciaeconsultoria.com.br\/site\/wp-content\/uploads\/2024\/12\/Ativo-1@4x-300x278.png 300w, https:\/\/condeadvocaciaeconsultoria.com.br\/site\/wp-content\/uploads\/2024\/12\/Ativo-1@4x-768x711.png 768w, https:\/\/condeadvocaciaeconsultoria.com.br\/site\/wp-content\/uploads\/2024\/12\/Ativo-1@4x.png 1285w\" sizes=\"(max-width: 1024px) 100vw, 1024px\" \/>\t\t\t\t\t\t\t\t<\/a>\n\t\t\t\t\t\t\t\t\t\t\t\t\t\t\t<\/div>\n\t\t\t\t<\/div>\n\t\t\t\t\t<\/div>\n\t\t<\/div>\n\t\t\t\t\t<\/div>\n\t\t<\/section>\n\t\t<div class=\"elementor-element elementor-element-294539d e-grid e-con-boxed e-con e-parent\" data-id=\"294539d\" data-element_type=\"container\">\n\t\t\t\t\t<div class=\"e-con-inner\">\n\t\t\t\t\t<\/div>\n\t\t\t\t<\/div>\n\t\t<div class=\"elementor-element elementor-element-9a0efe6 e-flex e-con-boxed e-con e-parent\" data-id=\"9a0efe6\" data-element_type=\"container\">\n\t\t\t\t\t<div class=\"e-con-inner\">\n\t\t\t\t<div class=\"elementor-element elementor-element-02ec5e3 elementor-widget elementor-widget-text-editor\" data-id=\"02ec5e3\" data-element_type=\"widget\" data-widget_type=\"text-editor.default\">\n\t\t\t\t<div class=\"elementor-widget-container\">\n\t\t\t\t\t\t\t\t\t<h2 data-start=\"187\" data-end=\"209\"><strong data-start=\"190\" data-end=\"207\">1. Introdu\u00e7\u00e3o<\/strong><\/h2>\n<p data-start=\"210\" data-end=\"515\">O <strong data-start=\"212\" data-end=\"245\">CONDE Advocacia e Consultoria<\/strong> valoriza a transpar\u00eancia e a seguran\u00e7a na rela\u00e7\u00e3o com seus clientes e visitantes do site. Este documento explica como coletamos, usamos, armazenamos e protegemos seus dados pessoais em conformidade com a <strong data-start=\"450\" data-end=\"512\">Lei Geral de Prote\u00e7\u00e3o de Dados (LGPD \u2013 Lei n\u00ba 13.709\/2018)<\/strong>.<\/p>\n<p data-start=\"517\" data-end=\"681\">Ao acessar nosso site e utilizar nossos servi\u00e7os, voc\u00ea concorda com os termos aqui descritos. Caso n\u00e3o concorde, pedimos que interrompa o uso da nossa plataforma.<\/p>\n<hr data-start=\"683\" data-end=\"686\">\n<h2 data-start=\"688\" data-end=\"715\"><strong data-start=\"691\" data-end=\"713\">2. Coleta de Dados<\/strong><\/h2>\n<h3 data-start=\"717\" data-end=\"760\"><strong data-start=\"721\" data-end=\"758\">2.1 Dados Fornecidos pelo Usu\u00e1rio<\/strong><\/h3>\n<p data-start=\"761\" data-end=\"796\">Podemos coletar informa\u00e7\u00f5es como:<\/p>\n<ul data-start=\"798\" data-end=\"941\">\n<li data-start=\"798\" data-end=\"864\">Nome, e-mail e telefone preenchidos em formul\u00e1rios de contato;<\/li>\n<li data-start=\"865\" data-end=\"941\">Informa\u00e7\u00f5es enviadas voluntariamente em mensagens, e-mails ou consultas.<\/li>\n<\/ul>\n<h3 data-start=\"943\" data-end=\"988\"><strong data-start=\"947\" data-end=\"986\">2.2 Dados Coletados Automaticamente<\/strong><\/h3>\n<ul data-start=\"989\" data-end=\"1153\">\n<li data-start=\"989\" data-end=\"1087\">Endere\u00e7o de IP, navegador utilizado e p\u00e1ginas acessadas (via cookies e tecnologias similares);<\/li>\n<li data-start=\"1088\" data-end=\"1153\">Dados de navega\u00e7\u00e3o para aprimoramento da experi\u00eancia no site.<\/li>\n<\/ul>\n<hr data-start=\"1155\" data-end=\"1158\">\n<h2 data-start=\"1160\" data-end=\"1201\"><strong data-start=\"1163\" data-end=\"1199\">3. Finalidade da Coleta de Dados<\/strong><\/h2>\n<p data-start=\"1202\" data-end=\"1243\">Os dados coletados s\u00e3o utilizados para:<\/p>\n<ul data-start=\"1245\" data-end=\"1514\">\n<li data-start=\"1245\" data-end=\"1297\"><strong data-start=\"1247\" data-end=\"1283\">Atender solicita\u00e7\u00f5es<\/strong> de contato;<\/li>\n<li data-start=\"1298\" data-end=\"1370\"><strong data-start=\"1300\" data-end=\"1344\">Cumprir obriga\u00e7\u00f5es legais e regulat\u00f3rias<\/strong> aplic\u00e1veis \u00e0 advocacia;<\/li>\n<li data-start=\"1371\" data-end=\"1451\"><strong data-start=\"1373\" data-end=\"1410\">Melhorar a experi\u00eancia do usu\u00e1rio<\/strong>, analisando navega\u00e7\u00e3o e comportamento;<\/li>\n<li data-start=\"1452\" data-end=\"1514\"><strong data-start=\"1454\" data-end=\"1492\">Enviar comunica\u00e7\u00f5es institucionais<\/strong>, quando autorizado.<\/li>\n<\/ul>\n<p data-start=\"1516\" data-end=\"1632\"><strong data-start=\"1516\" data-end=\"1630\">O CONDE Advocacia e Consultoria n\u00e3o utiliza dados para publicidade indevida, respeitando as diretrizes da OAB.<\/strong><\/p>\n<hr data-start=\"1634\" data-end=\"1637\">\n<h2 data-start=\"1639\" data-end=\"1676\"><strong data-start=\"1642\" data-end=\"1674\">4. Compartilhamento de Dados<\/strong><\/h2>\n<p data-start=\"1677\" data-end=\"1783\">Seus dados <strong data-start=\"1688\" data-end=\"1738\">n\u00e3o ser\u00e3o vendidos, alugados ou compartilhados<\/strong> com terceiros, exceto nos seguintes casos:<\/p>\n<ul data-start=\"1785\" data-end=\"1955\">\n<li data-start=\"1785\" data-end=\"1825\"><strong data-start=\"1787\" data-end=\"1822\">Por exig\u00eancia legal ou judicial<\/strong>;<\/li>\n<li data-start=\"1826\" data-end=\"1876\"><strong data-start=\"1828\" data-end=\"1873\">Para cumprimento de obriga\u00e7\u00e3o regulat\u00f3ria<\/strong>;<\/li>\n<li data-start=\"1877\" data-end=\"1955\"><strong data-start=\"1879\" data-end=\"1913\">Com fornecedores de tecnologia<\/strong>, que operam em conformidade com a LGPD.<\/li>\n<\/ul>\n<hr data-start=\"1957\" data-end=\"1960\">\n<h2 data-start=\"1962\" data-end=\"1999\"><strong data-start=\"1965\" data-end=\"1997\">5. Armazenamento e Seguran\u00e7a<\/strong><\/h2>\n<p data-start=\"2000\" data-end=\"2274\">Os dados s\u00e3o protegidos por <strong data-start=\"2028\" data-end=\"2076\">medidas t\u00e9cnicas e administrativas adequadas<\/strong>, incluindo criptografia e controle de acesso. O CONDE Advocacia e Consultoria mant\u00e9m as informa\u00e7\u00f5es apenas pelo tempo necess\u00e1rio para atender \u00e0s finalidades descritas ou conforme exigido por lei.<\/p>\n<p data-start=\"2276\" data-end=\"2434\">Caso ocorra algum incidente de seguran\u00e7a que comprometa seus dados, notificaremos as autoridades e os titulares impactados conforme exigido pela legisla\u00e7\u00e3o.<\/p>\n<hr data-start=\"2436\" data-end=\"2439\">\n<h2 data-start=\"2441\" data-end=\"2482\"><strong data-start=\"2444\" data-end=\"2480\">6. Direitos do Titular dos Dados<\/strong><\/h2>\n<p data-start=\"2483\" data-end=\"2536\">Em conformidade com a <strong data-start=\"2505\" data-end=\"2513\">LGPD<\/strong>, voc\u00ea tem direito a:<\/p>\n<ul data-start=\"2538\" data-end=\"2875\">\n<li data-start=\"2538\" data-end=\"2597\"><strong data-start=\"2540\" data-end=\"2553\">Confirmar<\/strong> se realizamos o tratamento de seus dados;<\/li>\n<li data-start=\"2598\" data-end=\"2637\"><strong data-start=\"2600\" data-end=\"2611\">Acessar<\/strong> seus dados armazenados;<\/li>\n<li data-start=\"2638\" data-end=\"2696\"><strong data-start=\"2640\" data-end=\"2652\">Corrigir<\/strong> informa\u00e7\u00f5es incorretas ou desatualizadas;<\/li>\n<li data-start=\"2697\" data-end=\"2753\"><strong data-start=\"2699\" data-end=\"2723\">Solicitar a exclus\u00e3o<\/strong> dos dados quando aplic\u00e1vel;<\/li>\n<li data-start=\"2754\" data-end=\"2807\"><strong data-start=\"2756\" data-end=\"2783\">Revogar o consentimento<\/strong> para o uso dos dados;<\/li>\n<\/ul>\n<p data-start=\"2877\" data-end=\"2974\">Para exercer seus direitos, entre em contato pelo e-mail: <span style=\"caret-color: #000000; text-align: var(--text-align); font-family: Arial, sans-serif; font-size: 11pt; color: #1155cc; font-variant-ligatures: normal; font-variant-alternates: normal; font-variant-numeric: normal; font-variant-east-asian: normal; font-variant-position: normal; text-decoration: underline; text-decoration-skip-ink: none; vertical-align: baseline; white-space: pre-wrap;\"><a style=\"caret-color: #000000; text-align: var(--text-align); font-family: var(--wp--preset--font-family--body); font-size: var(--wp--preset--font-size--medium);\" href=\"mailto:administrativo@condeadvocaciaeconsultoria.com.br\">administrativo@condeadvocaciaeconsultoria.com.br<\/a><\/span><span style=\"text-align: var(--text-align); font-family: var(--wp--preset--font-family--body); font-size: var(--wp--preset--font-size--medium);\">.<\/span><\/p>\n<hr data-start=\"2976\" data-end=\"2979\">\n<h2 data-start=\"2981\" data-end=\"3007\"><strong data-start=\"2984\" data-end=\"3005\">7. Uso de Cookies<\/strong><\/h2>\n<p data-start=\"3008\" data-end=\"3264\">Nosso site pode utilizar <strong data-start=\"3033\" data-end=\"3044\">cookies<\/strong> para otimizar a navega\u00e7\u00e3o e oferecer uma experi\u00eancia personalizada. Voc\u00ea pode gerenciar suas prefer\u00eancias diretamente no navegador. O bloqueio de cookies pode afetar o funcionamento de algumas funcionalidades do site.<\/p>\n<hr data-start=\"3266\" data-end=\"3269\">\n<h2 data-start=\"3271\" data-end=\"3310\"><strong data-start=\"3274\" data-end=\"3308\">8. Atualiza\u00e7\u00f5es desta Pol\u00edtica<\/strong><\/h2>\n<p data-start=\"3311\" data-end=\"3508\">O CONDE Advocacia e Consultoria pode revisar este documento periodicamente. Altera\u00e7\u00f5es significativas ser\u00e3o comunicadas em nosso site. A vers\u00e3o mais recente sempre estar\u00e1 dispon\u00edvel nesta p\u00e1gina.<\/p>\n<hr data-start=\"3510\" data-end=\"3513\">\n<h2 data-start=\"3515\" data-end=\"3534\"><strong data-start=\"3518\" data-end=\"3532\">9. Contato<\/strong><\/h2>\n<p data-start=\"3535\" data-end=\"3594\">Caso tenha d\u00favidas sobre esta pol\u00edtica, entre em contato:<\/p>\n<p data-start=\"3596\" data-end=\"3716\">\ud83d\udccd <strong data-start=\"3599\" data-end=\"3634\">&nbsp;CONDE Advocacia e Consultoria<\/strong><br data-start=\"3634\" data-end=\"3637\">\ud83d\udce7 E-mail: <strong data-start=\"3648\" data-end=\"3670\">administrativo@condeadvocaciaeconsultoria.com.br<\/strong><br data-start=\"3670\" data-end=\"3673\">\ud83d\udcde Telefone: <strong data-start=\"3686\" data-end=\"3714\">82 3028-1343 \/ 82 98706-5380&nbsp;<\/strong><\/p>\n<p data-start=\"3718\" data-end=\"3769\">\u00daltima atualiza\u00e7\u00e3o: <b>maio de 2025.<\/b><\/p>\n<div style=\"left: 50%; transform: translate(-50%, 0px); top: 50px;\">&nbsp;<\/div>\n<div id=\"accel-snackbar\" style=\"left: 50%; transform: translate(-50%, 0px); top: 50px;\">&nbsp;<\/div>\t\t\t\t\t\t\t\t<\/div>\n\t\t\t\t<\/div>\n\t\t\t\t\t<\/div>\n\t\t\t\t<\/div>\n\t\t\t\t<\/div>\n\t\t","protected":false},"excerpt":{"rendered":"<p>&nbsp; 1. Introdu\u00e7\u00e3o O CONDE Advocacia e Consultoria valoriza a transpar\u00eancia e a seguran\u00e7a na rela\u00e7\u00e3o com seus clientes e visitantes do site. Este documento explica como coletamos, usamos, armazenamos e protegemos seus dados pessoais em conformidade com a Lei Geral de Prote\u00e7\u00e3o de Dados (LGPD \u2013 Lei n\u00ba 13.709\/2018). Ao acessar nosso site e [&hellip;]<\/p>\n","protected":false},"author":1,"featured_media":0,"parent":0,"menu_order":0,"comment_status":"closed","ping_status":"closed","template":"elementor_canvas","meta":{"footnotes":""},"class_list":["post-655","page","type-page","status-publish","hentry"],"_links":{"self":[{"href":"https:\/\/condeadvocaciaeconsultoria.com.br\/site\/wp-json\/wp\/v2\/pages\/655"}],"collection":[{"href":"https:\/\/condeadvocaciaeconsultoria.com.br\/site\/wp-json\/wp\/v2\/pages"}],"about":[{"href":"https:\/\/condeadvocaciaeconsultoria.com.br\/site\/wp-json\/wp\/v2\/types\/page"}],"author":[{"embeddable":true,"href":"https:\/\/condeadvocaciaeconsultoria.com.br\/site\/wp-json\/wp\/v2\/users\/1"}],"replies":[{"embeddable":true,"href":"https:\/\/condeadvocaciaeconsultoria.com.br\/site\/wp-json\/wp\/v2\/comments?post=655"}],"version-history":[{"count":15,"href":"https:\/\/condeadvocaciaeconsultoria.com.br\/site\/wp-json\/wp\/v2\/pages\/655\/revisions"}],"predecessor-version":[{"id":782,"href":"https:\/\/condeadvocaciaeconsultoria.com.br\/site\/wp-json\/wp\/v2\/pages\/655\/revisions\/782"}],"wp:attachment":[{"href":"https:\/\/condeadvocaciaeconsultoria.com.br\/site\/wp-json\/wp\/v2\/media?parent=655"}],"curies":[{"name":"wp","href":"https:\/\/api.w.org\/{rel}","templated":true}]}}